{"id":141,"date":"2025-07-01T08:46:39","date_gmt":"2025-07-01T11:46:39","guid":{"rendered":"https:\/\/susanagassmann.com\/?page_id=141"},"modified":"2025-07-01T09:33:22","modified_gmt":"2025-07-01T12:33:22","slug":"archivo-itinerante","status":"publish","type":"page","link":"https:\/\/susanagassmann.com\/?page_id=141","title":{"rendered":"Archivo itinerante"},"content":{"rendered":"\t\t<div data-elementor-type=\"wp-page\" data-elementor-id=\"141\" class=\"elementor elementor-141\">\n\t\t\t\t\t\t<section data-particle_enable=\"false\" data-particle-mobile-disabled=\"false\" class=\"elementor-section elementor-top-section elementor-element elementor-element-70dedc3 elementor-section-boxed elementor-section-height-default elementor-section-height-default\" data-id=\"70dedc3\" data-element_type=\"section\">\n\t\t\t\t\t\t<div class=\"elementor-container elementor-column-gap-no\">\n\t\t\t\t\t<div class=\"elementor-column elementor-col-100 elementor-top-column elementor-element elementor-element-460d0a6\" data-id=\"460d0a6\" data-element_type=\"column\">\n\t\t\t<div class=\"elementor-widget-wrap elementor-element-populated\">\n\t\t\t\t\t\t<div class=\"elementor-element elementor-element-8eec553 elementor-widget elementor-widget-heading\" data-id=\"8eec553\" data-element_type=\"widget\" data-widget_type=\"heading.default\">\n\t\t\t\t\t<h2 class=\"elementor-heading-title elementor-size-default\">ARCHIVO ITINERANTE<\/h2>\t\t\t\t<\/div>\n\t\t\t\t\t<\/div>\n\t\t<\/div>\n\t\t\t\t\t<\/div>\n\t\t<\/section>\n\t\t<div data-particle_enable=\"false\" data-particle-mobile-disabled=\"false\" class=\"elementor-element elementor-element-c0851d2 e-flex e-con-boxed e-con e-parent\" data-id=\"c0851d2\" data-element_type=\"container\">\n\t\t\t\t\t<div class=\"e-con-inner\">\n\t\t\t\t<div class=\"elementor-element elementor-element-41ee686 elementor-widget elementor-widget-text-editor\" data-id=\"41ee686\" data-element_type=\"widget\" data-widget_type=\"text-editor.default\">\n\t\t\t\t\t\t\t\t\t<p>\u00a0<\/p><p>En 2007 presento al gobierno de la ciudad un proyecto sobre la necesidad de llevar un registro de las obras\u00a0<span style=\"font-size: 1rem;\">que posee la Municipalidad en sus diferentes dependencias. Aceptado el proyecto, se da comienzo al\u00a0<\/span><span style=\"font-size: 1rem;\">PATRIMONIO ARTISTICO VISUAL DE GENERAL CABRERA. En 2010 entrego los resultados del registro m\u00e1s un\u00a0<\/span><span style=\"font-size: 1rem;\">diagn\u00f3stico sobre lo investigado.<\/span><\/p><p>En 2017 realizo un nuevo relevamiento del Patrimonio, dado que se hab\u00edan creado m\u00e1s dependencias y se\u00a0<span style=\"font-size: 1rem;\">hab\u00edan incorporado m\u00e1s obras. En los diez a\u00f1os transcurridos evalu\u00e9 que la comunidad a\u00fan ignoraba su\u00a0<\/span><span style=\"font-size: 1rem;\">existencia, por lo que intento otra puesta en valor, esta vez con el prop\u00f3sito de convertirlo en un hecho vivo,\u00a0<\/span><span style=\"font-size: 1rem;\">d\u00e1ndole circulaci\u00f3n, visibilidad y un f\u00e1cil uso.\u00a0<\/span><\/p><p><span style=\"font-size: 1rem;\">Surge as\u00ed la idea de crear un ARCHIVO ITINERANTE<\/span><\/p>\t\t\t\t\t\t\t\t<\/div>\n\t\t\t\t\t<\/div>\n\t\t\t\t<\/div>\n\t\t\t\t<section data-particle_enable=\"false\" data-particle-mobile-disabled=\"false\" class=\"elementor-section elementor-top-section elementor-element elementor-element-e5458f0 elementor-section-boxed elementor-section-height-default elementor-section-height-default\" data-id=\"e5458f0\" data-element_type=\"section\" id=\"project-section\">\n\t\t\t\t\t\t<div class=\"elementor-container elementor-column-gap-no\">\n\t\t\t\t\t<div class=\"elementor-column elementor-col-100 elementor-top-column elementor-element elementor-element-0b6e2c2\" data-id=\"0b6e2c2\" data-element_type=\"column\">\n\t\t\t<div class=\"elementor-widget-wrap elementor-element-populated\">\n\t\t\t\t\t\t<div class=\"elementor-element elementor-element-f8ba34d elementor-grid-eael-col-2 elementor-grid-tablet-eael-col-2 elementor-grid-mobile-eael-col-1 elementor-widget elementor-widget-eael-post-grid\" data-id=\"f8ba34d\" data-element_type=\"widget\" data-settings=\"{&quot;eael_post_grid_columns&quot;:&quot;eael-col-2&quot;,&quot;eael_post_grid_columns_tablet&quot;:&quot;eael-col-2&quot;,&quot;eael_post_grid_columns_mobile&quot;:&quot;eael-col-1&quot;}\" data-widget_type=\"eael-post-grid.default\">\n\t\t\t\t\t<div id=\"eael-post-grid-f8ba34d\" class=\"eael-post-grid-container\">\n            <div class=\"eael-post-grid eael-post-appender eael-post-appender-f8ba34d eael-post-grid-style-two\" data-layout-mode=\"grid\"><article class=\"eael-grid-post eael-post-grid-column\" data-id=\"78\">\n    <div class=\"eael-grid-post-holder\">\n        <div class=\"eael-grid-post-holder-inner\"><div class=\"eael-entry-media\"><div class=\"eael-entry-overlay fade-in\"><i class=\"far fa-eye\" aria-hidden=\"true\"><\/i><a href=\"https:\/\/susanagassmann.com\/?p=78\"><\/a><\/div><div class=\"eael-entry-thumbnail \">\n                            <img fetchpriority=\"high\" decoding=\"async\" width=\"540\" height=\"400\" src=\"https:\/\/susanagassmann.com\/wp-content\/uploads\/2021\/10\/Image-min.png\" class=\"attachment-full size-full wp-image-103\" alt=\"\" srcset=\"https:\/\/susanagassmann.com\/wp-content\/uploads\/2021\/10\/Image-min.png 540w, https:\/\/susanagassmann.com\/wp-content\/uploads\/2021\/10\/Image-min-300x222.png 300w\" sizes=\"(max-width: 540px) 100vw, 540px\" \/>\n                            <\/div>\n                    <\/div><div class=\"eael-entry-wrapper\"><header class=\"eael-entry-header\"><h2 class=\"eael-entry-title\"><a class=\"eael-grid-post-link\" href=\"https:\/\/susanagassmann.com\/?p=78\" title=\"Season Change Photoshoot\">Season Change Photoshoot<\/a><\/h2><\/header><div class=\"eael-entry-header-after style-two\"><div class=\"eael-entry-meta\"><span class=\"eael-meta-posted-on\"><i class=\"far fa-clock\"><\/i><time datetime=\"1 julio 2025\">1 julio 2025<\/time><\/span><\/div><\/div><\/div><\/div>\n    <\/div>\n<\/article><article class=\"eael-grid-post eael-post-grid-column\" data-id=\"79\">\n    <div class=\"eael-grid-post-holder\">\n        <div class=\"eael-grid-post-holder-inner\"><div class=\"eael-entry-media\"><div class=\"eael-entry-overlay fade-in\"><i class=\"far fa-eye\" aria-hidden=\"true\"><\/i><a href=\"https:\/\/susanagassmann.com\/?p=79\"><\/a><\/div><div class=\"eael-entry-thumbnail \">\n                            <img decoding=\"async\" width=\"540\" height=\"400\" src=\"https:\/\/susanagassmann.com\/wp-content\/uploads\/2021\/10\/Image-2-min.png\" class=\"attachment-full size-full wp-image-104\" alt=\"\" srcset=\"https:\/\/susanagassmann.com\/wp-content\/uploads\/2021\/10\/Image-2-min.png 540w, https:\/\/susanagassmann.com\/wp-content\/uploads\/2021\/10\/Image-2-min-300x222.png 300w\" sizes=\"(max-width: 540px) 100vw, 540px\" \/>\n                            <\/div>\n                    <\/div><div class=\"eael-entry-wrapper\"><header class=\"eael-entry-header\"><h2 class=\"eael-entry-title\"><a class=\"eael-grid-post-link\" href=\"https:\/\/susanagassmann.com\/?p=79\" title=\"Natural Element Photography\">Natural Element Photography<\/a><\/h2><\/header><div class=\"eael-entry-header-after style-two\"><div class=\"eael-entry-meta\"><span class=\"eael-meta-posted-on\"><i class=\"far fa-clock\"><\/i><time datetime=\"1 julio 2025\">1 julio 2025<\/time><\/span><\/div><\/div><\/div><\/div>\n    <\/div>\n<\/article><article class=\"eael-grid-post eael-post-grid-column\" data-id=\"80\">\n    <div class=\"eael-grid-post-holder\">\n        <div class=\"eael-grid-post-holder-inner\"><div class=\"eael-entry-media\"><div class=\"eael-entry-overlay fade-in\"><i class=\"far fa-eye\" aria-hidden=\"true\"><\/i><a href=\"https:\/\/susanagassmann.com\/?p=80\"><\/a><\/div><div class=\"eael-entry-thumbnail \">\n                            <img decoding=\"async\" width=\"540\" height=\"400\" src=\"https:\/\/susanagassmann.com\/wp-content\/uploads\/2021\/10\/Image-1-min.png\" class=\"attachment-full size-full wp-image-106\" alt=\"\" srcset=\"https:\/\/susanagassmann.com\/wp-content\/uploads\/2021\/10\/Image-1-min.png 540w, https:\/\/susanagassmann.com\/wp-content\/uploads\/2021\/10\/Image-1-min-300x222.png 300w\" sizes=\"(max-width: 540px) 100vw, 540px\" \/>\n                            <\/div>\n                    <\/div><div class=\"eael-entry-wrapper\"><header class=\"eael-entry-header\"><h2 class=\"eael-entry-title\"><a class=\"eael-grid-post-link\" href=\"https:\/\/susanagassmann.com\/?p=80\" title=\"Color Coordination: All About The Details\">Color Coordination: All About The Details<\/a><\/h2><\/header><div class=\"eael-entry-header-after style-two\"><div class=\"eael-entry-meta\"><span class=\"eael-meta-posted-on\"><i class=\"far fa-clock\"><\/i><time datetime=\"1 julio 2025\">1 julio 2025<\/time><\/span><\/div><\/div><\/div><\/div>\n    <\/div>\n<\/article><article class=\"eael-grid-post eael-post-grid-column\" data-id=\"81\">\n    <div class=\"eael-grid-post-holder\">\n        <div class=\"eael-grid-post-holder-inner\"><div class=\"eael-entry-media\"><div class=\"eael-entry-overlay fade-in\"><i class=\"far fa-eye\" aria-hidden=\"true\"><\/i><a href=\"https:\/\/susanagassmann.com\/?p=81\"><\/a><\/div><div class=\"eael-entry-thumbnail \">\n                            <img loading=\"lazy\" decoding=\"async\" width=\"540\" height=\"400\" src=\"https:\/\/susanagassmann.com\/wp-content\/uploads\/2021\/10\/Image-3-min.png\" class=\"attachment-full size-full wp-image-105\" alt=\"\" srcset=\"https:\/\/susanagassmann.com\/wp-content\/uploads\/2021\/10\/Image-3-min.png 540w, https:\/\/susanagassmann.com\/wp-content\/uploads\/2021\/10\/Image-3-min-300x222.png 300w\" sizes=\"(max-width: 540px) 100vw, 540px\" \/>\n                            <\/div>\n                    <\/div><div class=\"eael-entry-wrapper\"><header class=\"eael-entry-header\"><h2 class=\"eael-entry-title\"><a class=\"eael-grid-post-link\" href=\"https:\/\/susanagassmann.com\/?p=81\" title=\"Panoramic Picture Shoot\">Panoramic Picture Shoot<\/a><\/h2><\/header><div class=\"eael-entry-header-after style-two\"><div class=\"eael-entry-meta\"><span class=\"eael-meta-posted-on\"><i class=\"far fa-clock\"><\/i><time datetime=\"1 julio 2025\">1 julio 2025<\/time><\/span><\/div><\/div><\/div><\/div>\n    <\/div>\n<\/article><article class=\"eael-grid-post eael-post-grid-column\" data-id=\"82\">\n    <div class=\"eael-grid-post-holder\">\n        <div class=\"eael-grid-post-holder-inner\"><div class=\"eael-entry-media\"><div class=\"eael-entry-overlay fade-in\"><i class=\"far fa-eye\" aria-hidden=\"true\"><\/i><a href=\"https:\/\/susanagassmann.com\/?p=82\"><\/a><\/div><div class=\"eael-entry-thumbnail \">\n                            <img loading=\"lazy\" decoding=\"async\" width=\"540\" height=\"400\" src=\"https:\/\/susanagassmann.com\/wp-content\/uploads\/2021\/10\/samantha-gades-gKjLLN1T8HQ-unsplash-1-min-1.png\" class=\"attachment-full size-full wp-image-107\" alt=\"\" srcset=\"https:\/\/susanagassmann.com\/wp-content\/uploads\/2021\/10\/samantha-gades-gKjLLN1T8HQ-unsplash-1-min-1.png 540w, https:\/\/susanagassmann.com\/wp-content\/uploads\/2021\/10\/samantha-gades-gKjLLN1T8HQ-unsplash-1-min-1-300x222.png 300w\" sizes=\"(max-width: 540px) 100vw, 540px\" \/>\n                            <\/div>\n                    <\/div><div class=\"eael-entry-wrapper\"><header class=\"eael-entry-header\"><h2 class=\"eael-entry-title\"><a class=\"eael-grid-post-link\" href=\"https:\/\/susanagassmann.com\/?p=82\" title=\"Aesthetic Workplace Photography\">Aesthetic Workplace Photography<\/a><\/h2><\/header><div class=\"eael-entry-header-after style-two\"><div class=\"eael-entry-meta\"><span class=\"eael-meta-posted-on\"><i class=\"far fa-clock\"><\/i><time datetime=\"1 julio 2025\">1 julio 2025<\/time><\/span><\/div><\/div><\/div><\/div>\n    <\/div>\n<\/article><article class=\"eael-grid-post eael-post-grid-column\" data-id=\"83\">\n    <div class=\"eael-grid-post-holder\">\n        <div class=\"eael-grid-post-holder-inner\"><div class=\"eael-entry-media\"><div class=\"eael-entry-overlay fade-in\"><i class=\"far fa-eye\" aria-hidden=\"true\"><\/i><a href=\"https:\/\/susanagassmann.com\/?p=83\"><\/a><\/div><div class=\"eael-entry-thumbnail \">\n                            <img loading=\"lazy\" decoding=\"async\" width=\"540\" height=\"400\" src=\"https:\/\/susanagassmann.com\/wp-content\/uploads\/2021\/10\/Image-4-min.png\" class=\"attachment-full size-full wp-image-108\" alt=\"\" srcset=\"https:\/\/susanagassmann.com\/wp-content\/uploads\/2021\/10\/Image-4-min.png 540w, https:\/\/susanagassmann.com\/wp-content\/uploads\/2021\/10\/Image-4-min-300x222.png 300w\" sizes=\"(max-width: 540px) 100vw, 540px\" \/>\n                            <\/div>\n                    <\/div><div class=\"eael-entry-wrapper\"><header class=\"eael-entry-header\"><h2 class=\"eael-entry-title\"><a class=\"eael-grid-post-link\" href=\"https:\/\/susanagassmann.com\/?p=83\" title=\"Homecoming Event Photography\">Homecoming Event Photography<\/a><\/h2><\/header><div class=\"eael-entry-header-after style-two\"><div class=\"eael-entry-meta\"><span class=\"eael-meta-posted-on\"><i class=\"far fa-clock\"><\/i><time datetime=\"1 julio 2025\">1 julio 2025<\/time><\/span><\/div><\/div><\/div><\/div>\n    <\/div>\n<\/article><\/div>\n            <div class=\"clearfix\"><\/div>\n        <\/div>\t\t\t\t<\/div>\n\t\t\t\t\t<\/div>\n\t\t<\/div>\n\t\t\t\t\t<\/div>\n\t\t<\/section>\n\t\t\t\t<\/div>\n\t\t","protected":false},"excerpt":{"rendered":"<p>ARCHIVO ITINERANTE \u00a0 En 2007 presento al gobierno de la ciudad un proyecto sobre la necesidad de llevar un registro de las obras\u00a0que posee la Municipalidad en sus diferentes dependencias. Aceptado el proyecto, se da comienzo al\u00a0PATRIMONIO ARTISTICO VISUAL DE GENERAL CABRERA. En 2010 entrego los resultados del registro m\u00e1s un\u00a0diagn\u00f3stico sobre lo investigado. En [&hellip;]<\/p>\n","protected":false},"author":1,"featured_media":0,"parent":0,"menu_order":0,"comment_status":"closed","ping_status":"closed","template":"elementor_header_footer","meta":{"footnotes":""},"class_list":["post-141","page","type-page","status-publish","hentry"],"_links":{"self":[{"href":"https:\/\/susanagassmann.com\/index.php?rest_route=\/wp\/v2\/pages\/141","targetHints":{"allow":["GET"]}}],"collection":[{"href":"https:\/\/susanagassmann.com\/index.php?rest_route=\/wp\/v2\/pages"}],"about":[{"href":"https:\/\/susanagassmann.com\/index.php?rest_route=\/wp\/v2\/types\/page"}],"author":[{"embeddable":true,"href":"https:\/\/susanagassmann.com\/index.php?rest_route=\/wp\/v2\/users\/1"}],"replies":[{"embeddable":true,"href":"https:\/\/susanagassmann.com\/index.php?rest_route=%2Fwp%2Fv2%2Fcomments&post=141"}],"version-history":[{"count":4,"href":"https:\/\/susanagassmann.com\/index.php?rest_route=\/wp\/v2\/pages\/141\/revisions"}],"predecessor-version":[{"id":160,"href":"https:\/\/susanagassmann.com\/index.php?rest_route=\/wp\/v2\/pages\/141\/revisions\/160"}],"wp:attachment":[{"href":"https:\/\/susanagassmann.com\/index.php?rest_route=%2Fwp%2Fv2%2Fmedia&parent=141"}],"curies":[{"name":"wp","href":"https:\/\/api.w.org\/{rel}","templated":true}]}}